{"id":90,"date":"2021-04-14T13:15:00","date_gmt":"2021-04-14T13:15:00","guid":{"rendered":"http:\/\/www.ag-fuer-innenausbau.ch\/?page_id=90"},"modified":"2021-04-18T12:55:55","modified_gmt":"2021-04-18T12:55:55","slug":"ueber-uns","status":"publish","type":"page","link":"https:\/\/www.ag-fuer-innenausbau.ch\/?page_id=90","title":{"rendered":"\u00dcber uns"},"content":{"rendered":"<p><a href=\"http:\/\/www.ag-fuer-innenausbau.ch\/wp-content\/uploads\/2016\/12\/20140114_001.jpg\" rel=\"lightbox[90]\"><img loading=\"lazy\" class=\"alignleft size-medium wp-image-32\" src=\"http:\/\/www.ag-fuer-innenausbau.ch\/wp-content\/uploads\/2016\/12\/20140114_001-300x225.jpg\" alt=\"\" width=\"300\" height=\"225\" srcset=\"https:\/\/www.ag-fuer-innenausbau.ch\/wp-content\/uploads\/2016\/12\/20140114_001-300x225.jpg 300w, https:\/\/www.ag-fuer-innenausbau.ch\/wp-content\/uploads\/2016\/12\/20140114_001-768x576.jpg 768w, https:\/\/www.ag-fuer-innenausbau.ch\/wp-content\/uploads\/2016\/12\/20140114_001-1024x768.jpg 1024w, https:\/\/www.ag-fuer-innenausbau.ch\/wp-content\/uploads\/2016\/12\/20140114_001-533x400.jpg 533w, https:\/\/www.ag-fuer-innenausbau.ch\/wp-content\/uploads\/2016\/12\/20140114_001-230x173.jpg 230w, https:\/\/www.ag-fuer-innenausbau.ch\/wp-content\/uploads\/2016\/12\/20140114_001-100x75.jpg 100w, https:\/\/www.ag-fuer-innenausbau.ch\/wp-content\/uploads\/2016\/12\/20140114_001-450x338.jpg 450w\" sizes=\"(max-width: 300px) 100vw, 300px\" \/><\/a>Markus Ackermann \u00fcbt seinen Beruf mit viel Leidenschaft und Erfahrung aus, geht flexibel auf Ihre individuellen Anliegen ein, ber\u00e4t und f\u00fchrt auf jeden Wunsch zugeschnittenen Arbeiten aus.<\/p>\n<p>Sein geschultes Auge, das Gef\u00fchl f\u00fcr Formen sowie sein Sinn f\u00fcr \u00c4sthetik unterst\u00fctzen ihn bei der Realisierung und erlauben ihm, Ihnen einzigartige und individuelle L\u00f6sungen anzubieten.<\/p>\n<p>Bei Bedarf arbeiten wir mit ausgew\u00e4hlten Schreinerbetrieben zusammen, welche in der Ausf\u00fchrung unseren hohen Anforderungen entsprechen.<\/p>\n","protected":false},"excerpt":{"rendered":"<p>Markus Ackermann \u00fcbt seinen Beruf mit viel Leidenschaft und Erfahrung aus, geht flexibel auf Ihre individuellen Anliegen ein, ber\u00e4t und&#8230;<\/p>\n","protected":false},"author":1,"featured_media":0,"parent":0,"menu_order":2,"comment_status":"closed","ping_status":"closed","template":"","meta":[],"_links":{"self":[{"href":"https:\/\/www.ag-fuer-innenausbau.ch\/index.php?rest_route=\/wp\/v2\/pages\/90"}],"collection":[{"href":"https:\/\/www.ag-fuer-innenausbau.ch\/index.php?rest_route=\/wp\/v2\/pages"}],"about":[{"href":"https:\/\/www.ag-fuer-innenausbau.ch\/index.php?rest_route=\/wp\/v2\/types\/page"}],"author":[{"embeddable":true,"href":"https:\/\/www.ag-fuer-innenausbau.ch\/index.php?rest_route=\/wp\/v2\/users\/1"}],"replies":[{"embeddable":true,"href":"https:\/\/www.ag-fuer-innenausbau.ch\/index.php?rest_route=%2Fwp%2Fv2%2Fcomments&post=90"}],"version-history":[{"count":3,"href":"https:\/\/www.ag-fuer-innenausbau.ch\/index.php?rest_route=\/wp\/v2\/pages\/90\/revisions"}],"predecessor-version":[{"id":107,"href":"https:\/\/www.ag-fuer-innenausbau.ch\/index.php?rest_route=\/wp\/v2\/pages\/90\/revisions\/107"}],"wp:attachment":[{"href":"https:\/\/www.ag-fuer-innenausbau.ch\/index.php?rest_route=%2Fwp%2Fv2%2Fmedia&parent=90"}],"curies":[{"name":"wp","href":"https:\/\/api.w.org\/{rel}","templated":true}]}}