{"id":10,"date":"2016-12-11T12:25:33","date_gmt":"2016-12-11T12:25:33","guid":{"rendered":"http:\/\/www.ag-fuer-innenausbau.ch\/?page_id=10"},"modified":"2021-04-14T13:16:44","modified_gmt":"2021-04-14T13:16:44","slug":"kuechen","status":"publish","type":"page","link":"https:\/\/www.ag-fuer-innenausbau.ch\/?page_id=10","title":{"rendered":"T\u00e4tigkeiten"},"content":{"rendered":"<p><a href=\"http:\/\/www.ag-fuer-innenausbau.ch\/wp-content\/uploads\/2016\/12\/IMG_4108_M.jpg\" rel=\"lightbox[10]\"><img loading=\"lazy\" class=\"alignleft wp-image-87 size-medium\" src=\"http:\/\/www.ag-fuer-innenausbau.ch\/wp-content\/uploads\/2016\/12\/IMG_4108_M-300x225.jpg\" alt=\"\" width=\"300\" height=\"225\" srcset=\"https:\/\/www.ag-fuer-innenausbau.ch\/wp-content\/uploads\/2016\/12\/IMG_4108_M-300x225.jpg 300w, https:\/\/www.ag-fuer-innenausbau.ch\/wp-content\/uploads\/2016\/12\/IMG_4108_M-768x576.jpg 768w, https:\/\/www.ag-fuer-innenausbau.ch\/wp-content\/uploads\/2016\/12\/IMG_4108_M-1024x768.jpg 1024w, https:\/\/www.ag-fuer-innenausbau.ch\/wp-content\/uploads\/2016\/12\/IMG_4108_M-533x400.jpg 533w, https:\/\/www.ag-fuer-innenausbau.ch\/wp-content\/uploads\/2016\/12\/IMG_4108_M-230x173.jpg 230w, https:\/\/www.ag-fuer-innenausbau.ch\/wp-content\/uploads\/2016\/12\/IMG_4108_M.jpg 1632w\" sizes=\"(max-width: 300px) 100vw, 300px\" \/><\/a><\/p>\n<p>Mit unkonventionellen Ideen und viel Kreativit\u00e4t gestalten wir einzigartige, jeder Situation angepasste Produkte und L\u00f6sungen.<\/p>\n<p>Durch unsere langj\u00e4hrige Berufserfahrung unterst\u00fctzen wir Sie bei Einrichtungsfragen und fertigen Ihre neue K\u00fcche, Ihre nach Wunsch angefertigten M\u00f6bel, Ihre Tische, Ihre Badezimmerm\u00f6bel und Ihre T\u00fcren.<\/p>\n<p>Unser Anliegen an die Fertigung unserer Produkte ist der umweltbewusste und nachhaltige Einsatz von modernsten Materialien wie Holz, Stein, Kunststoff, Glas und Metall.<\/p>\n","protected":false},"excerpt":{"rendered":"<p>Mit unkonventionellen Ideen und viel Kreativit\u00e4t gestalten wir einzigartige, jeder Situation angepasste Produkte und L\u00f6sungen. Durch unsere langj\u00e4hrige Berufserfahrung unterst\u00fctzen&#8230;<\/p>\n","protected":false},"author":1,"featured_media":0,"parent":0,"menu_order":5,"comment_status":"closed","ping_status":"closed","template":"","meta":[],"_links":{"self":[{"href":"https:\/\/www.ag-fuer-innenausbau.ch\/index.php?rest_route=\/wp\/v2\/pages\/10"}],"collection":[{"href":"https:\/\/www.ag-fuer-innenausbau.ch\/index.php?rest_route=\/wp\/v2\/pages"}],"about":[{"href":"https:\/\/www.ag-fuer-innenausbau.ch\/index.php?rest_route=\/wp\/v2\/types\/page"}],"author":[{"embeddable":true,"href":"https:\/\/www.ag-fuer-innenausbau.ch\/index.php?rest_route=\/wp\/v2\/users\/1"}],"replies":[{"embeddable":true,"href":"https:\/\/www.ag-fuer-innenausbau.ch\/index.php?rest_route=%2Fwp%2Fv2%2Fcomments&post=10"}],"version-history":[{"count":9,"href":"https:\/\/www.ag-fuer-innenausbau.ch\/index.php?rest_route=\/wp\/v2\/pages\/10\/revisions"}],"predecessor-version":[{"id":105,"href":"https:\/\/www.ag-fuer-innenausbau.ch\/index.php?rest_route=\/wp\/v2\/pages\/10\/revisions\/105"}],"wp:attachment":[{"href":"https:\/\/www.ag-fuer-innenausbau.ch\/index.php?rest_route=%2Fwp%2Fv2%2Fmedia&parent=10"}],"curies":[{"name":"wp","href":"https:\/\/api.w.org\/{rel}","templated":true}]}}